{"id":1158,"date":"2020-11-06T13:46:26","date_gmt":"2020-11-06T13:46:26","guid":{"rendered":"https:\/\/www.yoga-tuscany.com\/blog\/"},"modified":"2021-12-18T16:08:55","modified_gmt":"2021-12-18T16:08:55","slug":"blog","status":"publish","type":"page","link":"https:\/\/www.yoga-tuscany.com\/it\/blog\/","title":{"rendered":"Blog"},"content":{"rendered":"\t\t<div data-elementor-type=\"wp-page\" data-elementor-id=\"1158\" class=\"elementor elementor-1158 elementor-108\" data-elementor-post-type=\"page\">\n\t\t\t\t\t\t<section class=\"elementor-section elementor-top-section elementor-element elementor-element-685df15 elementor-section-boxed elementor-section-height-default elementor-section-height-default\" data-id=\"685df15\" data-element_type=\"section\" data-e-type=\"section\" data-settings=\"{&quot;background_background&quot;:&quot;classic&quot;}\">\n\t\t\t\t\t\t<div class=\"elementor-container elementor-column-gap-default\">\n\t\t\t\t\t<div class=\"elementor-column elementor-col-50 elementor-top-column elementor-element elementor-element-5476bcc\" data-id=\"5476bcc\" data-element_type=\"column\" data-e-type=\"column\" data-settings=\"{&quot;background_background&quot;:&quot;classic&quot;}\">\n\t\t\t<div class=\"elementor-widget-wrap elementor-element-populated\">\n\t\t\t\t\t\t<div class=\"elementor-element elementor-element-07eb5eb elementor-widget elementor-widget-heading\" data-id=\"07eb5eb\" data-element_type=\"widget\" data-e-type=\"widget\" data-widget_type=\"heading.default\">\n\t\t\t\t<div class=\"elementor-widget-container\">\n\t\t\t\t\t<h2 class=\"elementor-heading-title elementor-size-default\"><a href=\"https:\/\/www.yoga-tuscany.com\/it\/10-benefici-dello-yoga-in-gravidanza\/\">10 incredibili benefici dello yoga in gravidanza<\/a><\/h2>\t\t\t\t<\/div>\n\t\t\t\t<\/div>\n\t\t\t\t<div class=\"elementor-element elementor-element-2067e4e elementor-widget-divider--view-line elementor-widget elementor-widget-divider\" data-id=\"2067e4e\" data-element_type=\"widget\" data-e-type=\"widget\" data-widget_type=\"divider.default\">\n\t\t\t\t<div class=\"elementor-widget-container\">\n\t\t\t\t\t\t\t<div class=\"elementor-divider\">\n\t\t\t<span class=\"elementor-divider-separator\">\n\t\t\t\t\t\t<\/span>\n\t\t<\/div>\n\t\t\t\t\t\t<\/div>\n\t\t\t\t<\/div>\n\t\t\t\t<div class=\"elementor-element elementor-element-abd0891 elementor-widget elementor-widget-text-editor\" data-id=\"abd0891\" data-element_type=\"widget\" data-e-type=\"widget\" data-widget_type=\"text-editor.default\">\n\t\t\t\t<div class=\"elementor-widget-container\">\n\t\t\t\t\t\t\t\t\t<p><span style=\"font-weight: 400;\">La gravidanza \u00e8 il momento migliore della vita di una donna per praticare yoga: perch\u00e9 si tratta di un momento in cui non solo il suo corpo cambia per prepararsi a una nuova vita, ma anche la sua sensibilit\u00e0 evolve, divenendo pi\u00f9 alta e pi\u00f9 ricettiva&#8230;<\/span><\/p>\t\t\t\t\t\t\t\t<\/div>\n\t\t\t\t<\/div>\n\t\t\t\t<div class=\"elementor-element elementor-element-334ab57 elementor-widget elementor-widget-text-editor\" data-id=\"334ab57\" data-element_type=\"widget\" data-e-type=\"widget\" data-widget_type=\"text-editor.default\">\n\t\t\t\t<div class=\"elementor-widget-container\">\n\t\t\t\t\t\t\t\t\t<p><a href=\"https:\/\/www.yoga-tuscany.com\/it\/10-benefici-dello-yoga-in-gravidanza\/\"><strong><em>continua a leggere &gt;&gt;<\/em><\/strong><\/a><\/p>\t\t\t\t\t\t\t\t<\/div>\n\t\t\t\t<\/div>\n\t\t\t\t\t<\/div>\n\t\t<\/div>\n\t\t\t\t<div class=\"elementor-column elementor-col-50 elementor-top-column elementor-element elementor-element-3e3e802\" data-id=\"3e3e802\" data-element_type=\"column\" data-e-type=\"column\">\n\t\t\t<div class=\"elementor-widget-wrap elementor-element-populated\">\n\t\t\t\t\t\t<div class=\"elementor-element elementor-element-0d5a58b elementor-widget elementor-widget-image\" data-id=\"0d5a58b\" data-element_type=\"widget\" data-e-type=\"widget\" data-widget_type=\"image.default\">\n\t\t\t\t<div class=\"elementor-widget-container\">\n\t\t\t\t\t\t\t\t\t\t\t\t\t\t\t\t<a href=\"https:\/\/www.yoga-tuscany.com\/it\/10-benefici-dello-yoga-in-gravidanza\/\">\n\t\t\t\t\t\t\t<img fetchpriority=\"high\" decoding=\"async\" width=\"580\" height=\"290\" src=\"https:\/\/www.yoga-tuscany.com\/wp-content\/uploads\/2021\/12\/IgaYoga-benefits-of-prenatal-yoga-header-1024x512.jpg\" class=\"attachment-large size-large wp-image-2627\" alt=\"IgaYoga benefits of prenatal yoga header\" srcset=\"https:\/\/www.yoga-tuscany.com\/wp-content\/uploads\/2021\/12\/IgaYoga-benefits-of-prenatal-yoga-header-1024x512.jpg 1024w, https:\/\/www.yoga-tuscany.com\/wp-content\/uploads\/2021\/12\/IgaYoga-benefits-of-prenatal-yoga-header-300x150.jpg 300w, https:\/\/www.yoga-tuscany.com\/wp-content\/uploads\/2021\/12\/IgaYoga-benefits-of-prenatal-yoga-header-768x384.jpg 768w, https:\/\/www.yoga-tuscany.com\/wp-content\/uploads\/2021\/12\/IgaYoga-benefits-of-prenatal-yoga-header-1536x768.jpg 1536w, https:\/\/www.yoga-tuscany.com\/wp-content\/uploads\/2021\/12\/IgaYoga-benefits-of-prenatal-yoga-header-1200x600.jpg 1200w, https:\/\/www.yoga-tuscany.com\/wp-content\/uploads\/2021\/12\/IgaYoga-benefits-of-prenatal-yoga-header.jpg 1900w\" sizes=\"(max-width: 580px) 100vw, 580px\" \/>\t\t\t\t\t\t\t\t<\/a>\n\t\t\t\t\t\t\t\t\t\t\t\t\t\t\t<\/div>\n\t\t\t\t<\/div>\n\t\t\t\t\t<\/div>\n\t\t<\/div>\n\t\t\t\t\t<\/div>\n\t\t<\/section>\n\t\t\t\t<section class=\"elementor-section elementor-top-section elementor-element elementor-element-01f7139 elementor-section-boxed elementor-section-height-default elementor-section-height-default\" data-id=\"01f7139\" data-element_type=\"section\" data-e-type=\"section\" data-settings=\"{&quot;background_background&quot;:&quot;classic&quot;}\">\n\t\t\t\t\t\t<div class=\"elementor-container elementor-column-gap-default\">\n\t\t\t\t\t<div class=\"elementor-column elementor-col-50 elementor-top-column elementor-element elementor-element-b6e175c\" data-id=\"b6e175c\" data-element_type=\"column\" data-e-type=\"column\" data-settings=\"{&quot;background_background&quot;:&quot;classic&quot;}\">\n\t\t\t<div class=\"elementor-widget-wrap elementor-element-populated\">\n\t\t\t\t\t\t<div class=\"elementor-element elementor-element-b91a37b elementor-widget elementor-widget-heading\" data-id=\"b91a37b\" data-element_type=\"widget\" data-e-type=\"widget\" data-widget_type=\"heading.default\">\n\t\t\t\t<div class=\"elementor-widget-container\">\n\t\t\t\t\t<h2 class=\"elementor-heading-title elementor-size-default\"><a href=\"https:\/\/www.yoga-tuscany.com\/it\/7-benefici-dello-yoga-perche-iniziare-a-fare-yoga\/\">7 benefici Dello Yoga - Perch\u00e9 iniziare a fare lo yoga  <\/a><\/h2>\t\t\t\t<\/div>\n\t\t\t\t<\/div>\n\t\t\t\t<div class=\"elementor-element elementor-element-6bec02c elementor-widget-divider--view-line elementor-widget elementor-widget-divider\" data-id=\"6bec02c\" data-element_type=\"widget\" data-e-type=\"widget\" data-widget_type=\"divider.default\">\n\t\t\t\t<div class=\"elementor-widget-container\">\n\t\t\t\t\t\t\t<div class=\"elementor-divider\">\n\t\t\t<span class=\"elementor-divider-separator\">\n\t\t\t\t\t\t<\/span>\n\t\t<\/div>\n\t\t\t\t\t\t<\/div>\n\t\t\t\t<\/div>\n\t\t\t\t<div class=\"elementor-element elementor-element-42bc172 elementor-widget elementor-widget-text-editor\" data-id=\"42bc172\" data-element_type=\"widget\" data-e-type=\"widget\" data-widget_type=\"text-editor.default\">\n\t\t\t\t<div class=\"elementor-widget-container\">\n\t\t\t\t\t\t\t\t\t<p>Negli ultimi anni la popolarit\u00e0 dello yoga \u00e8 cresciuta e per una buona ragione. Lo yoga porta numerosi benefici al nostro corpo, mente e anima e qui ci sono 7 benefici dello yoga e i motivi perch\u00e9 iniziare a farlo&#8230;<\/p>\n\t\t\t\t\t\t\t\t<\/div>\n\t\t\t\t<\/div>\n\t\t\t\t<div class=\"elementor-element elementor-element-d9819be elementor-widget elementor-widget-text-editor\" data-id=\"d9819be\" data-element_type=\"widget\" data-e-type=\"widget\" data-widget_type=\"text-editor.default\">\n\t\t\t\t<div class=\"elementor-widget-container\">\n\t\t\t\t\t\t\t\t\t<p><a href=\"https:\/\/www.yoga-tuscany.com\/it\/7-benefici-dello-yoga-perche-iniziare-a-fare-yoga\/\"><strong><em>continua a leggere &gt;&gt;<\/em><\/strong><\/a><\/p>\t\t\t\t\t\t\t\t<\/div>\n\t\t\t\t<\/div>\n\t\t\t\t\t<\/div>\n\t\t<\/div>\n\t\t\t\t<div class=\"elementor-column elementor-col-50 elementor-top-column elementor-element elementor-element-84fd053\" data-id=\"84fd053\" data-element_type=\"column\" data-e-type=\"column\">\n\t\t\t<div class=\"elementor-widget-wrap elementor-element-populated\">\n\t\t\t\t\t\t<div class=\"elementor-element elementor-element-d32a38a elementor-widget elementor-widget-image\" data-id=\"d32a38a\" data-element_type=\"widget\" data-e-type=\"widget\" data-widget_type=\"image.default\">\n\t\t\t\t<div class=\"elementor-widget-container\">\n\t\t\t\t\t\t\t\t\t\t\t\t\t\t\t\t<a href=\"https:\/\/www.yoga-tuscany.com\/it\/cose-il-prana-e-dove-trovarlo\/\">\n\t\t\t\t\t\t\t<img decoding=\"async\" width=\"1400\" height=\"700\" src=\"https:\/\/www.yoga-tuscany.com\/wp-content\/uploads\/2021\/03\/IgaYoga-7-reasons-why-yoga-is-good-for-you-header.jpg\" class=\"attachment-full size-full wp-image-2303\" alt=\"7-benefici-dello-yoga-header\" srcset=\"https:\/\/www.yoga-tuscany.com\/wp-content\/uploads\/2021\/03\/IgaYoga-7-reasons-why-yoga-is-good-for-you-header.jpg 1400w, https:\/\/www.yoga-tuscany.com\/wp-content\/uploads\/2021\/03\/IgaYoga-7-reasons-why-yoga-is-good-for-you-header-300x150.jpg 300w, https:\/\/www.yoga-tuscany.com\/wp-content\/uploads\/2021\/03\/IgaYoga-7-reasons-why-yoga-is-good-for-you-header-1024x512.jpg 1024w, https:\/\/www.yoga-tuscany.com\/wp-content\/uploads\/2021\/03\/IgaYoga-7-reasons-why-yoga-is-good-for-you-header-768x384.jpg 768w, https:\/\/www.yoga-tuscany.com\/wp-content\/uploads\/2021\/03\/IgaYoga-7-reasons-why-yoga-is-good-for-you-header-1200x600.jpg 1200w\" sizes=\"(max-width: 1400px) 100vw, 1400px\" \/>\t\t\t\t\t\t\t\t<\/a>\n\t\t\t\t\t\t\t\t\t\t\t\t\t\t\t<\/div>\n\t\t\t\t<\/div>\n\t\t\t\t\t<\/div>\n\t\t<\/div>\n\t\t\t\t\t<\/div>\n\t\t<\/section>\n\t\t\t\t<section class=\"elementor-section elementor-top-section elementor-element elementor-element-add4237 elementor-section-boxed elementor-section-height-default elementor-section-height-default\" data-id=\"add4237\" data-element_type=\"section\" data-e-type=\"section\" data-settings=\"{&quot;background_background&quot;:&quot;classic&quot;}\">\n\t\t\t\t\t\t<div class=\"elementor-container elementor-column-gap-default\">\n\t\t\t\t\t<div class=\"elementor-column elementor-col-50 elementor-top-column elementor-element elementor-element-ff33b97\" data-id=\"ff33b97\" data-element_type=\"column\" data-e-type=\"column\">\n\t\t\t<div class=\"elementor-widget-wrap elementor-element-populated\">\n\t\t\t\t\t\t<div class=\"elementor-element elementor-element-b1486fc elementor-widget elementor-widget-image\" data-id=\"b1486fc\" data-element_type=\"widget\" data-e-type=\"widget\" data-widget_type=\"image.default\">\n\t\t\t\t<div class=\"elementor-widget-container\">\n\t\t\t\t\t\t\t\t\t\t\t\t\t\t\t\t<a href=\"https:\/\/www.yoga-tuscany.com\/it\/cose-il-prana-e-dove-trovarlo\/\">\n\t\t\t\t\t\t\t<img decoding=\"async\" width=\"580\" height=\"387\" src=\"https:\/\/www.yoga-tuscany.com\/wp-content\/uploads\/2020\/07\/sea-bw2-1.jpg\" class=\"attachment-large size-large wp-image-1123\" alt=\"beach for yoga\" srcset=\"https:\/\/www.yoga-tuscany.com\/wp-content\/uploads\/2020\/07\/sea-bw2-1.jpg 1024w, https:\/\/www.yoga-tuscany.com\/wp-content\/uploads\/2020\/07\/sea-bw2-1-300x200.jpg 300w, https:\/\/www.yoga-tuscany.com\/wp-content\/uploads\/2020\/07\/sea-bw2-1-768x512.jpg 768w\" sizes=\"(max-width: 580px) 100vw, 580px\" \/>\t\t\t\t\t\t\t\t<\/a>\n\t\t\t\t\t\t\t\t\t\t\t\t\t\t\t<\/div>\n\t\t\t\t<\/div>\n\t\t\t\t\t<\/div>\n\t\t<\/div>\n\t\t\t\t<div class=\"elementor-column elementor-col-50 elementor-top-column elementor-element elementor-element-d2809b3\" data-id=\"d2809b3\" data-element_type=\"column\" data-e-type=\"column\" data-settings=\"{&quot;background_background&quot;:&quot;classic&quot;}\">\n\t\t\t<div class=\"elementor-widget-wrap elementor-element-populated\">\n\t\t\t\t\t\t<div class=\"elementor-element elementor-element-85b6abc elementor-widget elementor-widget-heading\" data-id=\"85b6abc\" data-element_type=\"widget\" data-e-type=\"widget\" data-widget_type=\"heading.default\">\n\t\t\t\t<div class=\"elementor-widget-container\">\n\t\t\t\t\t<h2 class=\"elementor-heading-title elementor-size-default\"><a href=\"https:\/\/www.yoga-tuscany.com\/it\/cose-il-prana-e-dove-trovarlo\/\">Cos'\u00e8 il PRANA e dove trovarlo<\/a><\/h2>\t\t\t\t<\/div>\n\t\t\t\t<\/div>\n\t\t\t\t<div class=\"elementor-element elementor-element-992e999 elementor-widget-divider--view-line elementor-widget elementor-widget-divider\" data-id=\"992e999\" data-element_type=\"widget\" data-e-type=\"widget\" data-widget_type=\"divider.default\">\n\t\t\t\t<div class=\"elementor-widget-container\">\n\t\t\t\t\t\t\t<div class=\"elementor-divider\">\n\t\t\t<span class=\"elementor-divider-separator\">\n\t\t\t\t\t\t<\/span>\n\t\t<\/div>\n\t\t\t\t\t\t<\/div>\n\t\t\t\t<\/div>\n\t\t\t\t<div class=\"elementor-element elementor-element-d3fd4d9 elementor-widget elementor-widget-text-editor\" data-id=\"d3fd4d9\" data-element_type=\"widget\" data-e-type=\"widget\" data-widget_type=\"text-editor.default\">\n\t\t\t\t<div class=\"elementor-widget-container\">\n\t\t\t\t\t\t\t\t\t<p><span style=\"font-weight: 400;\">L&#8217;energia sostiene ogni forma di vita e sostiene anche noi umani: siamo letteralmente energia avvolta nei tessuti, non potremmo esistere senza di essa. Ma, nonostante questo, la nostra cultura occidentale &#8211; cos\u00ec orientata sul corpo &#8211; gli d\u00e0 pochissima importanza&#8230;<\/span><\/p>\n\t\t\t\t\t\t\t\t<\/div>\n\t\t\t\t<\/div>\n\t\t\t\t<div class=\"elementor-element elementor-element-78c6fc6 elementor-widget elementor-widget-text-editor\" data-id=\"78c6fc6\" data-element_type=\"widget\" data-e-type=\"widget\" data-widget_type=\"text-editor.default\">\n\t\t\t\t<div class=\"elementor-widget-container\">\n\t\t\t\t\t\t\t\t\t<p><a href=\"https:\/\/www.yoga-tuscany.com\/it\/cose-il-prana-e-dove-trovarlo\/\"><strong><em>continua a leggere &gt;&gt;<\/em><\/strong><\/a><\/p>\n\t\t\t\t\t\t\t\t<\/div>\n\t\t\t\t<\/div>\n\t\t\t\t\t<\/div>\n\t\t<\/div>\n\t\t\t\t\t<\/div>\n\t\t<\/section>\n\t\t\t\t<section class=\"elementor-section elementor-top-section elementor-element elementor-element-501a8dd elementor-section-boxed elementor-section-height-default elementor-section-height-default\" data-id=\"501a8dd\" data-element_type=\"section\" data-e-type=\"section\" data-settings=\"{&quot;background_background&quot;:&quot;classic&quot;}\">\n\t\t\t\t\t\t<div class=\"elementor-container elementor-column-gap-default\">\n\t\t\t\t\t<div class=\"elementor-column elementor-col-50 elementor-top-column elementor-element elementor-element-3ba71c0\" data-id=\"3ba71c0\" data-element_type=\"column\" data-e-type=\"column\" data-settings=\"{&quot;background_background&quot;:&quot;classic&quot;}\">\n\t\t\t<div class=\"elementor-widget-wrap elementor-element-populated\">\n\t\t\t\t\t\t<div class=\"elementor-element elementor-element-f5ee493 elementor-widget elementor-widget-heading\" data-id=\"f5ee493\" data-element_type=\"widget\" data-e-type=\"widget\" data-widget_type=\"heading.default\">\n\t\t\t\t<div class=\"elementor-widget-container\">\n\t\t\t\t\t<h2 class=\"elementor-heading-title elementor-size-default\"><a href=\"https:\/\/www.yoga-tuscany.com\/it\/10-regole-della-dieta-yogica\/\">MANGIA COME UNO YOGI <br> 10 regole della dieta yogica <\/a><\/h2>\t\t\t\t<\/div>\n\t\t\t\t<\/div>\n\t\t\t\t<div class=\"elementor-element elementor-element-de13f62 elementor-widget-divider--view-line elementor-widget elementor-widget-divider\" data-id=\"de13f62\" data-element_type=\"widget\" data-e-type=\"widget\" data-widget_type=\"divider.default\">\n\t\t\t\t<div class=\"elementor-widget-container\">\n\t\t\t\t\t\t\t<div class=\"elementor-divider\">\n\t\t\t<span class=\"elementor-divider-separator\">\n\t\t\t\t\t\t<\/span>\n\t\t<\/div>\n\t\t\t\t\t\t<\/div>\n\t\t\t\t<\/div>\n\t\t\t\t<div class=\"elementor-element elementor-element-1184887 elementor-widget elementor-widget-text-editor\" data-id=\"1184887\" data-element_type=\"widget\" data-e-type=\"widget\" data-widget_type=\"text-editor.default\">\n\t\t\t\t<div class=\"elementor-widget-container\">\n\t\t\t\t\t\t\t\t\t<p><span style=\"font-weight: 400;\">La dieta \u00e8 uno dei pilastri pi\u00f9 importanti per mantenere il tuo corpo e la tua mente sani. Che tu sia un praticante di yoga o no, i principi della dieta yoga apportano tantissimi benefici al tuo benessere&#8230;<\/span><\/p>\n\t\t\t\t\t\t\t\t<\/div>\n\t\t\t\t<\/div>\n\t\t\t\t<div class=\"elementor-element elementor-element-a52bc8d elementor-widget elementor-widget-text-editor\" data-id=\"a52bc8d\" data-element_type=\"widget\" data-e-type=\"widget\" data-widget_type=\"text-editor.default\">\n\t\t\t\t<div class=\"elementor-widget-container\">\n\t\t\t\t\t\t\t\t\t<p><a href=\"https:\/\/www.yoga-tuscany.com\/it\/10-regole-della-dieta-yogica\/\"><strong><em>continua a leggere &gt;&gt;<\/em><\/strong><\/a><\/p>\n\t\t\t\t\t\t\t\t<\/div>\n\t\t\t\t<\/div>\n\t\t\t\t\t<\/div>\n\t\t<\/div>\n\t\t\t\t<div class=\"elementor-column elementor-col-50 elementor-top-column elementor-element elementor-element-4860e7f\" data-id=\"4860e7f\" data-element_type=\"column\" data-e-type=\"column\">\n\t\t\t<div class=\"elementor-widget-wrap elementor-element-populated\">\n\t\t\t\t\t\t<div class=\"elementor-element elementor-element-012e4fd elementor-widget elementor-widget-image\" data-id=\"012e4fd\" data-element_type=\"widget\" data-e-type=\"widget\" data-widget_type=\"image.default\">\n\t\t\t\t<div class=\"elementor-widget-container\">\n\t\t\t\t\t\t\t\t\t\t\t\t\t\t\t\t<a href=\"https:\/\/www.yoga-tuscany.com\/it\/10-regole-della-dieta-yogica\/\">\n\t\t\t\t\t\t\t<img loading=\"lazy\" decoding=\"async\" width=\"580\" height=\"387\" src=\"https:\/\/www.yoga-tuscany.com\/wp-content\/uploads\/2020\/05\/eat-like-a-yogi-1024x683.jpg\" class=\"attachment-large size-large wp-image-1106\" alt=\"eat like a yogi\" srcset=\"https:\/\/www.yoga-tuscany.com\/wp-content\/uploads\/2020\/05\/eat-like-a-yogi-1024x683.jpg 1024w, https:\/\/www.yoga-tuscany.com\/wp-content\/uploads\/2020\/05\/eat-like-a-yogi-300x200.jpg 300w, https:\/\/www.yoga-tuscany.com\/wp-content\/uploads\/2020\/05\/eat-like-a-yogi-768x512.jpg 768w, https:\/\/www.yoga-tuscany.com\/wp-content\/uploads\/2020\/05\/eat-like-a-yogi-1200x800.jpg 1200w, https:\/\/www.yoga-tuscany.com\/wp-content\/uploads\/2020\/05\/eat-like-a-yogi.jpg 1239w\" sizes=\"(max-width: 580px) 100vw, 580px\" \/>\t\t\t\t\t\t\t\t<\/a>\n\t\t\t\t\t\t\t\t\t\t\t\t\t\t\t<\/div>\n\t\t\t\t<\/div>\n\t\t\t\t\t<\/div>\n\t\t<\/div>\n\t\t\t\t\t<\/div>\n\t\t<\/section>\n\t\t\t\t<section class=\"elementor-section elementor-top-section elementor-element elementor-element-1170362 elementor-section-boxed elementor-section-height-default elementor-section-height-default\" data-id=\"1170362\" data-element_type=\"section\" data-e-type=\"section\" data-settings=\"{&quot;background_background&quot;:&quot;classic&quot;}\">\n\t\t\t\t\t\t<div class=\"elementor-container elementor-column-gap-default\">\n\t\t\t\t\t<div class=\"elementor-column elementor-col-50 elementor-top-column elementor-element elementor-element-da0c454\" data-id=\"da0c454\" data-element_type=\"column\" data-e-type=\"column\">\n\t\t\t<div class=\"elementor-widget-wrap elementor-element-populated\">\n\t\t\t\t\t\t<div class=\"elementor-element elementor-element-237879d elementor-widget elementor-widget-image\" data-id=\"237879d\" data-element_type=\"widget\" data-e-type=\"widget\" data-widget_type=\"image.default\">\n\t\t\t\t<div class=\"elementor-widget-container\">\n\t\t\t\t\t\t\t\t\t\t\t\t\t\t\t\t<a href=\"https:\/\/www.yoga-tuscany.com\/it\/benvenuto-nel-mio-blog-di-yoga\/\">\n\t\t\t\t\t\t\t<img loading=\"lazy\" decoding=\"async\" width=\"580\" height=\"387\" src=\"https:\/\/www.yoga-tuscany.com\/wp-content\/uploads\/2020\/04\/welcome-to-my-blog-5-1024x683.jpg\" class=\"attachment-large size-large wp-image-1113\" alt=\"welcome to my blog\" srcset=\"https:\/\/www.yoga-tuscany.com\/wp-content\/uploads\/2020\/04\/welcome-to-my-blog-5-1024x683.jpg 1024w, https:\/\/www.yoga-tuscany.com\/wp-content\/uploads\/2020\/04\/welcome-to-my-blog-5-300x200.jpg 300w, https:\/\/www.yoga-tuscany.com\/wp-content\/uploads\/2020\/04\/welcome-to-my-blog-5-768x512.jpg 768w, https:\/\/www.yoga-tuscany.com\/wp-content\/uploads\/2020\/04\/welcome-to-my-blog-5-1536x1024.jpg 1536w, https:\/\/www.yoga-tuscany.com\/wp-content\/uploads\/2020\/04\/welcome-to-my-blog-5-1200x800.jpg 1200w, https:\/\/www.yoga-tuscany.com\/wp-content\/uploads\/2020\/04\/welcome-to-my-blog-5.jpg 1900w\" sizes=\"(max-width: 580px) 100vw, 580px\" \/>\t\t\t\t\t\t\t\t<\/a>\n\t\t\t\t\t\t\t\t\t\t\t\t\t\t\t<\/div>\n\t\t\t\t<\/div>\n\t\t\t\t\t<\/div>\n\t\t<\/div>\n\t\t\t\t<div class=\"elementor-column elementor-col-50 elementor-top-column elementor-element elementor-element-d0d874f\" data-id=\"d0d874f\" data-element_type=\"column\" data-e-type=\"column\" data-settings=\"{&quot;background_background&quot;:&quot;classic&quot;}\">\n\t\t\t<div class=\"elementor-widget-wrap elementor-element-populated\">\n\t\t\t\t\t\t<div class=\"elementor-element elementor-element-d46fe0d elementor-widget elementor-widget-heading\" data-id=\"d46fe0d\" data-element_type=\"widget\" data-e-type=\"widget\" data-widget_type=\"heading.default\">\n\t\t\t\t<div class=\"elementor-widget-container\">\n\t\t\t\t\t<h2 class=\"elementor-heading-title elementor-size-default\"><a href=\"https:\/\/www.yoga-tuscany.com\/it\/benvenuto-nel-mio-blog-di-yoga\/\">Benvenuto nel mio blog di yoga<\/a><\/h2>\t\t\t\t<\/div>\n\t\t\t\t<\/div>\n\t\t\t\t<div class=\"elementor-element elementor-element-ab21109 elementor-widget-divider--view-line elementor-widget elementor-widget-divider\" data-id=\"ab21109\" data-element_type=\"widget\" data-e-type=\"widget\" data-widget_type=\"divider.default\">\n\t\t\t\t<div class=\"elementor-widget-container\">\n\t\t\t\t\t\t\t<div class=\"elementor-divider\">\n\t\t\t<span class=\"elementor-divider-separator\">\n\t\t\t\t\t\t<\/span>\n\t\t<\/div>\n\t\t\t\t\t\t<\/div>\n\t\t\t\t<\/div>\n\t\t\t\t<div class=\"elementor-element elementor-element-d48333c elementor-widget elementor-widget-text-editor\" data-id=\"d48333c\" data-element_type=\"widget\" data-e-type=\"widget\" data-widget_type=\"text-editor.default\">\n\t\t\t\t<div class=\"elementor-widget-container\">\n\t\t\t\t\t\t\t\t\t<p><span style=\"font-weight: 400;\">Come prima cosa vorrei spiegarvi cosa accadr\u00e0 qui. \u00c8 piuttosto semplice, ma non per questo banale: il mio blog parla di\u00a0 YOGA in TOSCANA&#8230;<\/span><\/p>\n\t\t\t\t\t\t\t\t<\/div>\n\t\t\t\t<\/div>\n\t\t\t\t<div class=\"elementor-element elementor-element-00c348b elementor-widget elementor-widget-text-editor\" data-id=\"00c348b\" data-element_type=\"widget\" data-e-type=\"widget\" data-widget_type=\"text-editor.default\">\n\t\t\t\t<div class=\"elementor-widget-container\">\n\t\t\t\t\t\t\t\t\t<p><a href=\"https:\/\/www.yoga-tuscany.com\/hello-sunshine\/\"><strong><em>continua a leggere &gt;&gt;<\/em><\/strong><\/a><\/p>\n\t\t\t\t\t\t\t\t<\/div>\n\t\t\t\t<\/div>\n\t\t\t\t\t<\/div>\n\t\t<\/div>\n\t\t\t\t\t<\/div>\n\t\t<\/section>\n\t\t\t\t<\/div>\n\t\t","protected":false},"excerpt":{"rendered":"<p>10 incredibili benefici dello yoga in gravidanza La gravidanza \u00e8 il momento migliore della vita di una donna per praticare yoga: perch\u00e9 si tratta di un momento in cui non solo il suo corpo cambia per prepararsi a una nuova vita, ma anche la sua sensibilit\u00e0 evolve, divenendo pi\u00f9 alta e pi\u00f9 ricettiva&#8230; continua a [&hellip;]<\/p>\n","protected":false},"author":1,"featured_media":0,"parent":0,"menu_order":0,"comment_status":"closed","ping_status":"closed","template":"elementor_header_footer","meta":{"_uf_show_specific_survey":0,"_uf_disable_surveys":false,"footnotes":""},"class_list":["post-1158","page","type-page","status-publish","hentry"],"aioseo_notices":[],"_links":{"self":[{"href":"https:\/\/www.yoga-tuscany.com\/it\/wp-json\/wp\/v2\/pages\/1158","targetHints":{"allow":["GET"]}}],"collection":[{"href":"https:\/\/www.yoga-tuscany.com\/it\/wp-json\/wp\/v2\/pages"}],"about":[{"href":"https:\/\/www.yoga-tuscany.com\/it\/wp-json\/wp\/v2\/types\/page"}],"author":[{"embeddable":true,"href":"https:\/\/www.yoga-tuscany.com\/it\/wp-json\/wp\/v2\/users\/1"}],"replies":[{"embeddable":true,"href":"https:\/\/www.yoga-tuscany.com\/it\/wp-json\/wp\/v2\/comments?post=1158"}],"version-history":[{"count":27,"href":"https:\/\/www.yoga-tuscany.com\/it\/wp-json\/wp\/v2\/pages\/1158\/revisions"}],"predecessor-version":[{"id":2685,"href":"https:\/\/www.yoga-tuscany.com\/it\/wp-json\/wp\/v2\/pages\/1158\/revisions\/2685"}],"wp:attachment":[{"href":"https:\/\/www.yoga-tuscany.com\/it\/wp-json\/wp\/v2\/media?parent=1158"}],"curies":[{"name":"wp","href":"https:\/\/api.w.org\/{rel}","templated":true}]}}